{"id":853,"date":"2022-07-25T17:25:04","date_gmt":"2022-07-25T17:25:04","guid":{"rendered":"https:\/\/rachaseabreu.com\/?page_id=853"},"modified":"2024-06-13T15:45:14","modified_gmt":"2024-06-13T15:45:14","slug":"politica-de-privacidade","status":"publish","type":"page","link":"https:\/\/rachaseabreu.com\/pt\/politica-de-privacidade\/","title":{"rendered":"Pol\u00edtica de Privacidade"},"content":{"rendered":"\t\t<div data-elementor-type=\"wp-page\" data-elementor-id=\"853\" class=\"elementor elementor-853\" data-elementor-post-type=\"page\">\n\t\t\t\t\t\t<section class=\"elementor-section elementor-top-section elementor-element elementor-element-bd0b647 elementor-section-boxed elementor-section-height-default elementor-section-height-default\" data-id=\"bd0b647\" data-element_type=\"section\" data-e-type=\"section\">\n\t\t\t\t\t\t<div class=\"elementor-container elementor-column-gap-default\">\n\t\t\t\t\t<div class=\"elementor-column elementor-col-100 elementor-top-column elementor-element elementor-element-7b8a563\" data-id=\"7b8a563\" data-element_type=\"column\" data-e-type=\"column\">\n\t\t\t<div class=\"elementor-widget-wrap elementor-element-populated\">\n\t\t\t\t\t\t<div class=\"elementor-element elementor-element-6cb4a3f elementor-widget elementor-widget-text-editor\" data-id=\"6cb4a3f\" data-element_type=\"widget\" data-e-type=\"widget\" data-widget_type=\"text-editor.default\">\n\t\t\t\t<div class=\"elementor-widget-container\">\n\t\t\t\t\t\t\t\t\t<h2>Pol\u00edtica de Privacidade<\/h2><p>A sua privacidade \u00e9 importante para n\u00f3s. \u00c9 pol\u00edtica da Confe\u00e7\u00f5es Rachas &amp; Abreu respeitar a sua privacidade em rela\u00e7\u00e3o a qualquer informa\u00e7\u00e3o sua que possamos recolher no site Confe\u00e7\u00f5es Rachas &amp; Abreu, e outros sites que possu\u00edmos e operamos.<\/p><p>Solicitamos informa\u00e7\u00f5es pessoais apenas quando realmente precisamos delas para lhe fornecer um servi\u00e7o. Faz\u00eamo-lo por meios justos e legais, com o seu conhecimento e consentimento. Tamb\u00e9m informamos por que estamos a recolher e como ser\u00e1 usado.<\/p><p>Apenas retemos as informa\u00e7\u00f5es recolhidas pelo tempo necess\u00e1rio para fornecer o servi\u00e7o solicitado. Quando armazenamos dados, protegemos dentro de meios comercialmente aceit\u00e1veis para evitar perdas e roubos, bem como acesso, divulga\u00e7\u00e3o, c\u00f3pia, uso ou modifica\u00e7\u00e3o n\u00e3o autorizados.<\/p><p>N\u00e3o compartilhamos informa\u00e7\u00f5es de identifica\u00e7\u00e3o pessoal publicamente ou com terceiros, exceto quando exigido por lei.<\/p><p>O nosso site pode ter links para sites externos que n\u00e3o s\u00e3o operados por n\u00f3s. Esteja ciente de que n\u00e3o temos controle sobre o conte\u00fado e pr\u00e1ticas desses sites e n\u00e3o podemos aceitar responsabilidade pelas suas respetivas\u00a0pol\u00edticas de privacidade.<\/p><p>Voc\u00ea \u00e9 livre para recusar a nossa solicita\u00e7\u00e3o de informa\u00e7\u00f5es pessoais, entendendo que talvez n\u00e3o possamos fornecer alguns dos servi\u00e7os desejados.<\/p><p>O uso continuado de nosso site ser\u00e1 considerado como aceita\u00e7\u00e3o de nossas pr\u00e1ticas em torno de privacidade e informa\u00e7\u00f5es pessoais. Se voc\u00ea tiver alguma d\u00favida sobre como lidamos com dados do usu\u00e1rio e informa\u00e7\u00f5es pessoais, entre em contacto connosco.<\/p><h2>\u00a0<\/h2><h2>Pol\u00edtica de Cookies da Confe\u00e7\u00f5es Rachas &amp; Abreu<\/h2><h3>\u00a0<\/h3><h3>O que s\u00e3o Cookies?<\/h3><p>Como \u00e9 pr\u00e1tica comum em quase todos os sites profissionais, este site usa cookies, que s\u00e3o pequenos arquivos transferidos para o seu computador, que ajudam a melhorar sua experi\u00eancia no nosso site. Esta p\u00e1gina descreve que informa\u00e7\u00f5es eles recolhem, como as usamos e por que \u00e0s vezes precisamos de armazenar estes cookies. Tamb\u00e9m compartilharemos consigo como pode impedir que estes cookies sejam armazenados. No entanto, isso pode fazer o downgrade ou \u2018quebrar\u2019 certos elementos funcionais do site.<\/p><h3>\u00a0<\/h3><h3>Como usamos os Cookies?<\/h3><p>Utilizamos Cookies por v\u00e1rios motivos, detalhados e baixo. Infelizmente, na maioria dos casos, n\u00e3o existem op\u00e7\u00f5es padr\u00e3o do setor para desativar os cookies sem desativar completamente a funcionalidade e os recursos que eles adicionam a este site. \u00c9 recomend\u00e1vel que deixe todos os Cookies se n\u00e3o tiver certeza se precisa ou n\u00e3o deles, caso sejam usados para fornecer um servi\u00e7o que voc\u00ea utiliza.<\/p><h3>\u00a0<\/h3><h3>Desativar Cookies<\/h3><p>Voc\u00ea pode impedir a configura\u00e7\u00e3o de Cookies ajustando as configura\u00e7\u00f5es do seu navegador (consulte a ajuda do navegador para saber como fazer isso). Esteja ciente de que a desativa\u00e7\u00e3o de Cookies afetar\u00e1 funcionalidades do site e de muitos outros sites que visita. A desativa\u00e7\u00e3o de Cookies geralmente resultar\u00e1 na desativa\u00e7\u00e3o de determinadas funcionalidades e recursos dos sites. Portanto, \u00e9 recomend\u00e1vel que voc\u00ea n\u00e3o desative os Cookies.<\/p><h3>\u00a0<\/h3><h3>Cookies que definimos<\/h3><ul><li><b>Cookies relacionados com a sua conta:<\/b> Se voc\u00ea criar uma conta connosco, usaremos Cookies para a gest\u00e3o do processo de inscri\u00e7\u00e3o e administra\u00e7\u00e3o geral. Esses Cookies geralmente ser\u00e3o exclu\u00eddos quando voc\u00ea sair do sistema, por\u00e9m, em alguns casos, eles poder\u00e3o permanecer posteriormente para lembrar as suas prefer\u00eancias ao sair dos site;<\/li><li><b>Cookies relacionados com o login<\/b>: Utilizamos Cookies quando estiver logado no site, para que possamos lembrar essa a\u00e7\u00e3o. Isso evita que precise de fazer login sempre que visitar uma nova p\u00e1gina. Esses cookies s\u00e3o normalmente removidos ou limpos quando efetua logout para garantir que voc\u00ea possa aceder apenas a recursos e \u00e1reas restritas ao efetuar login;<\/li><li><b>Cookies relacionados a email marketing<\/b>: Este site oferece servi\u00e7os de assinatura de email e os Cookies podem ser usados para lembrar se j\u00e1 est\u00e1 registado e se deve mostrar determinadas notifica\u00e7\u00f5es v\u00e1lidas apenas para utilizadores inscritos\/n\u00e3o inscritos;<\/li><li><b>Pedidos processando Cookies relacionados<\/b>: Este site poder\u00e1 oferecer facilidades de com\u00e9rcio eletr\u00f3nico ou pagamento e alguns Cookies s\u00e3o essenciais para garantir que o seu pedido seja lembrado entre as p\u00e1ginas, para que possamos process\u00e1-lo adequadamente;<\/li><li><b>Cookies relacionados a pesquisas<\/b>:<b>\u00a0<\/b>Periodicamente, oferecemos pesquisas e question\u00e1rios para fornecer informa\u00e7\u00f5es relevantes, ferramentas \u00fateis ou para entender nossa base de usu\u00e1rios com mais precis\u00e3o. Essas pesquisas podem usar Cookies para lembrar quem j\u00e1 participou numa pesquisa ou para fornecer resultados precisos ap\u00f3s a altera\u00e7\u00e3o das p\u00e1ginas;<\/li><li><b>Cookies relacionados a formul\u00e1rios<\/b>: Quando voc\u00ea envia dados por meio de um formul\u00e1rio como os encontrados nas p\u00e1ginas de contacto ou nos formul\u00e1rios de coment\u00e1rios, os Cookies podem ser configurados para lembrar os detalhes do utilizador para correspond\u00eancia futura;<\/li><li><b>Cookies de prefer\u00eancias do site<\/b>: Para proporcionar uma melhor experi\u00eancia neste site, fornecemos a funcionalidade para definir suas prefer\u00eancias de como esse site \u00e9 executado quando voc\u00ea o utiliza. Para lembrar suas prefer\u00eancias, precisamos definir Cookies para que essas informa\u00e7\u00f5es possam ser chamadas sempre que voc\u00ea interagir com uma p\u00e1gina e esta seja afetada pelas suas prefer\u00eancias.<\/li><\/ul><h3>\u00a0<\/h3><h3>Cookies de terceiros<\/h3><p>Em alguns casos especiais, tamb\u00e9m usamos Cookies fornecidos por terceiros confi\u00e1veis. A sec\u00e7\u00e3o a seguir detalha quais Cookies de terceiros pode encontrar atrav\u00e9s deste site.<\/p><ul><li>Este site usa o Google Analytics, que \u00e9 uma das solu\u00e7\u00f5es de an\u00e1lise mais difundidas e confi\u00e1veis da web, para nos ajudar a entender como voc\u00ea usa o site e como podemos melhorar a sua experi\u00eancia. Estes Cookies podem rastrear itens como quanto tempo voc\u00ea gasta no site e as p\u00e1ginas visitadas, para que possamos continuar produzindo conte\u00fado mais relevante. Para mais informa\u00e7\u00f5es sobre cookies do Google Analytics, consulte a p\u00e1gina oficial do Google Analytics;<\/li><\/ul><ul><li>As an\u00e1lises de terceiros s\u00e3o usadas para rastrear e medir o uso deste site, para que possamos continuar produzindo conte\u00fado relevante. Estes cookies podem rastrear itens como o tempo que voc\u00ea passa no site ou as p\u00e1ginas visitadas, o que nos ajuda a entender como podemos melhorar o site para si;<\/li><li>Periodicamente, testamos novos recursos e fazemos altera\u00e7\u00f5es subtis na maneira como o site se apresenta. Quando ainda estamos a testar novos recursos, estes Cookies podem ser usados para garantir que voc\u00ea receba uma experi\u00eancia consistente enquanto estiver no site, enquanto entendemos quais otimiza\u00e7\u00f5es os nossos usu\u00e1rios mais apreciam;<\/li><li>\u00c0 medida que vendemos produtos, \u00e9 importante entendermos as estat\u00edsticas sobre quantos visitantes de nosso site realmente compram e, portanto, esse \u00e9 o tipo de dados que esses Cookies rastrear\u00e3o. Isto \u00e9 importante para si, pois significa que podemos fazer previs\u00f5es de neg\u00f3cios com precis\u00e3o que nos permitem analisar os nossos custos de publicidade e produtos para garantir o melhor pre\u00e7o poss\u00edvel.<\/li><\/ul><h3>\u00a0<\/h3><h3>Mais informa\u00e7\u00f5es<\/h3><p>Esperemos que esteja esclarecido e, como mencionado anteriormente, se houver algo que n\u00e3o tem certeza se precisa ou n\u00e3o, geralmente \u00e9 mais seguro deixar os Cookies ativos, caso interaja com um dos recursos que usa no nosso site.<\/p><p>Esta pol\u00edtica \u00e9 efetiva a partir de\u00a0<strong>Janeiro<\/strong>\/<strong>2024<\/strong>.<\/p><p>\u00a0<\/p>\t\t\t\t\t\t\t\t<\/div>\n\t\t\t\t<\/div>\n\t\t\t\t\t<\/div>\n\t\t<\/div>\n\t\t\t\t\t<\/div>\n\t\t<\/section>\n\t\t\t\t<\/div>\n\t\t","protected":false},"excerpt":{"rendered":"<p>Pol\u00edtica de Privacidade A sua privacidade \u00e9 importante para n\u00f3s. \u00c9 pol\u00edtica da Confe\u00e7\u00f5es Rachas &amp; Abreu respeitar a sua privacidade em rela\u00e7\u00e3o a qualquer informa\u00e7\u00e3o sua que possamos recolher no site Confe\u00e7\u00f5es Rachas &amp; Abreu, e outros sites que possu\u00edmos e operamos. Solicitamos informa\u00e7\u00f5es pessoais apenas quando realmente precisamos delas para lhe fornecer um [&hellip;]<\/p>\n","protected":false},"author":7,"featured_media":0,"parent":0,"menu_order":0,"comment_status":"closed","ping_status":"closed","template":"","meta":{"footnotes":""},"class_list":["post-853","page","type-page","status-publish","hentry"],"yoast_head":"<!-- This site is optimized with the Yoast SEO Premium plugin v22.6 (Yoast SEO v27.4) - https:\/\/yoast.com\/product\/yoast-seo-premium-wordpress\/ -->\n<title>Pol\u00edtica de Privacidade | Confe\u00e7\u00f5es Rachas &amp; Abreu<\/title>\n<meta name=\"robots\" content=\"index, follow, max-snippet:-1, max-image-preview:large, max-video-preview:-1\" \/>\n<link rel=\"canonical\" href=\"https:\/\/rachaseabreu.com\/pt\/politica-de-privacidade\/\" \/>\n<meta property=\"og:locale\" content=\"pt_PT\" \/>\n<meta property=\"og:type\" content=\"article\" \/>\n<meta property=\"og:title\" content=\"Pol\u00edtica de Privacidade\" \/>\n<meta property=\"og:description\" content=\"Pol\u00edtica de Privacidade A sua privacidade \u00e9 importante para n\u00f3s. \u00c9 pol\u00edtica da Confe\u00e7\u00f5es Rachas &amp; Abreu respeitar a sua privacidade em rela\u00e7\u00e3o a qualquer informa\u00e7\u00e3o sua que possamos recolher no site Confe\u00e7\u00f5es Rachas &amp; Abreu, e outros sites que possu\u00edmos e operamos. Solicitamos informa\u00e7\u00f5es pessoais apenas quando realmente precisamos delas para lhe fornecer um [&hellip;]\" \/>\n<meta property=\"og:url\" content=\"https:\/\/rachaseabreu.com\/pt\/politica-de-privacidade\/\" \/>\n<meta property=\"og:site_name\" content=\"Confe\u00e7\u00f5es Rachas &amp; Abreu\" \/>\n<meta property=\"article:publisher\" content=\"https:\/\/www.facebook.com\/rachaseabreu\" \/>\n<meta property=\"article:modified_time\" content=\"2024-06-13T15:45:14+00:00\" \/>\n<meta property=\"og:image\" content=\"https:\/\/rachaseabreu.com\/wp-content\/uploads\/2024\/02\/ls_professional-sewing-machine-close-up-modern-texti-2023-11-27-04-59-37-utc.jpg\" \/>\n\t<meta property=\"og:image:width\" content=\"1920\" \/>\n\t<meta property=\"og:image:height\" content=\"1281\" \/>\n\t<meta property=\"og:image:type\" content=\"image\/jpeg\" \/>\n<meta name=\"twitter:card\" content=\"summary_large_image\" \/>\n<meta name=\"twitter:label1\" content=\"Tempo estimado de leitura\" \/>\n\t<meta name=\"twitter:data1\" content=\"7 minutos\" \/>\n<script type=\"application\/ld+json\" class=\"yoast-schema-graph\">{\"@context\":\"https:\\\/\\\/schema.org\",\"@graph\":[{\"@type\":\"WebPage\",\"@id\":\"https:\\\/\\\/rachaseabreu.com\\\/politica-de-privacidade\\\/\",\"url\":\"https:\\\/\\\/rachaseabreu.com\\\/politica-de-privacidade\\\/\",\"name\":\"Pol\u00edtica de Privacidade | Confe\u00e7\u00f5es Rachas &amp; Abreu\",\"isPartOf\":{\"@id\":\"https:\\\/\\\/rachaseabreu.com\\\/#website\"},\"datePublished\":\"2022-07-25T17:25:04+00:00\",\"dateModified\":\"2024-06-13T15:45:14+00:00\",\"breadcrumb\":{\"@id\":\"https:\\\/\\\/rachaseabreu.com\\\/politica-de-privacidade\\\/#breadcrumb\"},\"inLanguage\":\"pt-PT\",\"potentialAction\":[{\"@type\":\"ReadAction\",\"target\":[\"https:\\\/\\\/rachaseabreu.com\\\/politica-de-privacidade\\\/\"]}]},{\"@type\":\"BreadcrumbList\",\"@id\":\"https:\\\/\\\/rachaseabreu.com\\\/politica-de-privacidade\\\/#breadcrumb\",\"itemListElement\":[{\"@type\":\"ListItem\",\"position\":1,\"name\":\"In\u00edcio\",\"item\":\"https:\\\/\\\/rachaseabreu.com\\\/\"},{\"@type\":\"ListItem\",\"position\":2,\"name\":\"Pol\u00edtica de Privacidade\"}]},{\"@type\":\"WebSite\",\"@id\":\"https:\\\/\\\/rachaseabreu.com\\\/#website\",\"url\":\"https:\\\/\\\/rachaseabreu.com\\\/\",\"name\":\"Rachas&Abreu\",\"description\":\"Nightwear and Homewear\",\"publisher\":{\"@id\":\"https:\\\/\\\/rachaseabreu.com\\\/#organization\"},\"alternateName\":\"Rachas e Abreu\",\"potentialAction\":[{\"@type\":\"SearchAction\",\"target\":{\"@type\":\"EntryPoint\",\"urlTemplate\":\"https:\\\/\\\/rachaseabreu.com\\\/?s={search_term_string}\"},\"query-input\":{\"@type\":\"PropertyValueSpecification\",\"valueRequired\":true,\"valueName\":\"search_term_string\"}}],\"inLanguage\":\"pt-PT\"},{\"@type\":\"Organization\",\"@id\":\"https:\\\/\\\/rachaseabreu.com\\\/#organization\",\"name\":\"Rachas & Abreu\",\"alternateName\":\"Rachas e Abreu\",\"url\":\"https:\\\/\\\/rachaseabreu.com\\\/\",\"logo\":{\"@type\":\"ImageObject\",\"inLanguage\":\"pt-PT\",\"@id\":\"https:\\\/\\\/rachaseabreu.com\\\/#\\\/schema\\\/logo\\\/image\\\/\",\"url\":\"https:\\\/\\\/rachaseabreu.com\\\/wp-content\\\/uploads\\\/2022\\\/04\\\/LOGO-COMPLETO-site-1.png\",\"contentUrl\":\"https:\\\/\\\/rachaseabreu.com\\\/wp-content\\\/uploads\\\/2022\\\/04\\\/LOGO-COMPLETO-site-1.png\",\"width\":310,\"height\":233,\"caption\":\"Rachas & Abreu\"},\"image\":{\"@id\":\"https:\\\/\\\/rachaseabreu.com\\\/#\\\/schema\\\/logo\\\/image\\\/\"},\"sameAs\":[\"https:\\\/\\\/www.facebook.com\\\/rachaseabreu\"],\"description\":\"A Rachas & Abreu \u00e9 uma empresa t\u00eaxtil que concetualiza e fabrica pe\u00e7as de roupa de dormir e pe\u00e7as de roupa de casa. Est\u00e1 no mercado desde 1975 e \u00e9 atualmente uma refer\u00eancia em conforto e qualidade tanto no mercado Portugu\u00eas como no mercado internacional.\",\"email\":\"info@rachaseabreu.com\",\"telephone\":\"+351 253 282 951\",\"legalName\":\"Rachas & Abreu, Lda\"}]}<\/script>\n<!-- \/ Yoast SEO Premium plugin. -->","yoast_head_json":{"title":"Pol\u00edtica de Privacidade | Confe\u00e7\u00f5es Rachas &amp; Abreu","robots":{"index":"index","follow":"follow","max-snippet":"max-snippet:-1","max-image-preview":"max-image-preview:large","max-video-preview":"max-video-preview:-1"},"canonical":"https:\/\/rachaseabreu.com\/pt\/politica-de-privacidade\/","og_locale":"pt_PT","og_type":"article","og_title":"Pol\u00edtica de Privacidade","og_description":"Pol\u00edtica de Privacidade A sua privacidade \u00e9 importante para n\u00f3s. \u00c9 pol\u00edtica da Confe\u00e7\u00f5es Rachas &amp; Abreu respeitar a sua privacidade em rela\u00e7\u00e3o a qualquer informa\u00e7\u00e3o sua que possamos recolher no site Confe\u00e7\u00f5es Rachas &amp; Abreu, e outros sites que possu\u00edmos e operamos. Solicitamos informa\u00e7\u00f5es pessoais apenas quando realmente precisamos delas para lhe fornecer um [&hellip;]","og_url":"https:\/\/rachaseabreu.com\/pt\/politica-de-privacidade\/","og_site_name":"Confe\u00e7\u00f5es Rachas &amp; Abreu","article_publisher":"https:\/\/www.facebook.com\/rachaseabreu","article_modified_time":"2024-06-13T15:45:14+00:00","og_image":[{"width":1920,"height":1281,"url":"https:\/\/rachaseabreu.com\/wp-content\/uploads\/2024\/02\/ls_professional-sewing-machine-close-up-modern-texti-2023-11-27-04-59-37-utc.jpg","type":"image\/jpeg"}],"twitter_card":"summary_large_image","twitter_misc":{"Tempo estimado de leitura":"7 minutos"},"schema":{"@context":"https:\/\/schema.org","@graph":[{"@type":"WebPage","@id":"https:\/\/rachaseabreu.com\/politica-de-privacidade\/","url":"https:\/\/rachaseabreu.com\/politica-de-privacidade\/","name":"Pol\u00edtica de Privacidade | Confe\u00e7\u00f5es Rachas &amp; Abreu","isPartOf":{"@id":"https:\/\/rachaseabreu.com\/#website"},"datePublished":"2022-07-25T17:25:04+00:00","dateModified":"2024-06-13T15:45:14+00:00","breadcrumb":{"@id":"https:\/\/rachaseabreu.com\/politica-de-privacidade\/#breadcrumb"},"inLanguage":"pt-PT","potentialAction":[{"@type":"ReadAction","target":["https:\/\/rachaseabreu.com\/politica-de-privacidade\/"]}]},{"@type":"BreadcrumbList","@id":"https:\/\/rachaseabreu.com\/politica-de-privacidade\/#breadcrumb","itemListElement":[{"@type":"ListItem","position":1,"name":"In\u00edcio","item":"https:\/\/rachaseabreu.com\/"},{"@type":"ListItem","position":2,"name":"Pol\u00edtica de Privacidade"}]},{"@type":"WebSite","@id":"https:\/\/rachaseabreu.com\/#website","url":"https:\/\/rachaseabreu.com\/","name":"Rachas&Abreu","description":"Nightwear and Homewear","publisher":{"@id":"https:\/\/rachaseabreu.com\/#organization"},"alternateName":"Rachas e Abreu","potentialAction":[{"@type":"SearchAction","target":{"@type":"EntryPoint","urlTemplate":"https:\/\/rachaseabreu.com\/?s={search_term_string}"},"query-input":{"@type":"PropertyValueSpecification","valueRequired":true,"valueName":"search_term_string"}}],"inLanguage":"pt-PT"},{"@type":"Organization","@id":"https:\/\/rachaseabreu.com\/#organization","name":"Rachas & Abreu","alternateName":"Rachas e Abreu","url":"https:\/\/rachaseabreu.com\/","logo":{"@type":"ImageObject","inLanguage":"pt-PT","@id":"https:\/\/rachaseabreu.com\/#\/schema\/logo\/image\/","url":"https:\/\/rachaseabreu.com\/wp-content\/uploads\/2022\/04\/LOGO-COMPLETO-site-1.png","contentUrl":"https:\/\/rachaseabreu.com\/wp-content\/uploads\/2022\/04\/LOGO-COMPLETO-site-1.png","width":310,"height":233,"caption":"Rachas & Abreu"},"image":{"@id":"https:\/\/rachaseabreu.com\/#\/schema\/logo\/image\/"},"sameAs":["https:\/\/www.facebook.com\/rachaseabreu"],"description":"A Rachas & Abreu \u00e9 uma empresa t\u00eaxtil que concetualiza e fabrica pe\u00e7as de roupa de dormir e pe\u00e7as de roupa de casa. Est\u00e1 no mercado desde 1975 e \u00e9 atualmente uma refer\u00eancia em conforto e qualidade tanto no mercado Portugu\u00eas como no mercado internacional.","email":"info@rachaseabreu.com","telephone":"+351 253 282 951","legalName":"Rachas & Abreu, Lda"}]}},"_links":{"self":[{"href":"https:\/\/rachaseabreu.com\/pt\/wp-json\/wp\/v2\/pages\/853","targetHints":{"allow":["GET"]}}],"collection":[{"href":"https:\/\/rachaseabreu.com\/pt\/wp-json\/wp\/v2\/pages"}],"about":[{"href":"https:\/\/rachaseabreu.com\/pt\/wp-json\/wp\/v2\/types\/page"}],"author":[{"embeddable":true,"href":"https:\/\/rachaseabreu.com\/pt\/wp-json\/wp\/v2\/users\/7"}],"replies":[{"embeddable":true,"href":"https:\/\/rachaseabreu.com\/pt\/wp-json\/wp\/v2\/comments?post=853"}],"version-history":[{"count":6,"href":"https:\/\/rachaseabreu.com\/pt\/wp-json\/wp\/v2\/pages\/853\/revisions"}],"predecessor-version":[{"id":2353,"href":"https:\/\/rachaseabreu.com\/pt\/wp-json\/wp\/v2\/pages\/853\/revisions\/2353"}],"wp:attachment":[{"href":"https:\/\/rachaseabreu.com\/pt\/wp-json\/wp\/v2\/media?parent=853"}],"curies":[{"name":"wp","href":"https:\/\/api.w.org\/{rel}","templated":true}]}}