{"id":1432,"date":"2023-12-19T19:41:52","date_gmt":"2023-12-19T19:41:52","guid":{"rendered":"https:\/\/rachaseabreu.com\/?page_id=1432"},"modified":"2024-11-06T10:33:36","modified_gmt":"2024-11-06T10:33:36","slug":"sobre-nos","status":"publish","type":"page","link":"https:\/\/rachaseabreu.com\/en\/sobre-nos\/","title":{"rendered":"A Rachas&#038;Abreu"},"content":{"rendered":"<div data-elementor-type=\"wp-post\" data-elementor-id=\"1432\" class=\"elementor elementor-1432\" data-elementor-post-type=\"page\">\n\t\t\t\t\t\t<section class=\"elementor-section elementor-top-section elementor-element elementor-element-1cb9f6a elementor-section-full_width elementor-section-height-min-height elementor-section-height-default elementor-section-items-middle\" data-id=\"1cb9f6a\" data-element_type=\"section\" data-e-type=\"section\" data-settings=\"{&quot;background_background&quot;:&quot;classic&quot;}\">\n\t\t\t\t\t\t<div class=\"elementor-container elementor-column-gap-default\">\n\t\t\t\t\t<div class=\"elementor-column elementor-col-33 elementor-top-column elementor-element elementor-element-50a07ef elementor-hidden-mobile elementor-hidden-tablet\" data-id=\"50a07ef\" data-element_type=\"column\" data-e-type=\"column\">\n\t\t\t<div class=\"elementor-widget-wrap\">\n\t\t\t\t\t\t\t<\/div>\n\t\t<\/div>\n\t\t\t\t<div class=\"elementor-column elementor-col-33 elementor-top-column elementor-element elementor-element-1f2dc79\" data-id=\"1f2dc79\" data-element_type=\"column\" data-e-type=\"column\">\n\t\t\t<div class=\"elementor-widget-wrap elementor-element-populated\">\n\t\t\t\t\t\t<div class=\"elementor-element elementor-element-b910359 animated-slow elementor-invisible elementor-widget elementor-widget-text-editor\" data-id=\"b910359\" data-element_type=\"widget\" data-e-type=\"widget\" data-settings=\"{&quot;_animation&quot;:&quot;fadeIn&quot;,&quot;_animation_delay&quot;:500}\" data-widget_type=\"text-editor.default\">\n\t\t\t\t<div class=\"elementor-widget-container\">\n\t\t\t\t\t\t\t\t\t<p>Design and manufacture of nightwear and homewear<\/p>\t\t\t\t\t\t\t\t<\/div>\n\t\t\t\t<\/div>\n\t\t\t\t<div class=\"elementor-element elementor-element-c83f4be animated-slow elementor-invisible elementor-widget elementor-widget-heading\" data-id=\"c83f4be\" data-element_type=\"widget\" data-e-type=\"widget\" data-settings=\"{&quot;_animation&quot;:&quot;fadeIn&quot;}\" data-widget_type=\"heading.default\">\n\t\t\t\t<div class=\"elementor-widget-container\">\n\t\t\t\t\t<h1 class=\"elementor-heading-title elementor-size-default\">Rachas &amp; Abreu has been operating in the comfort market for over 40 years.<\/h1>\t\t\t\t<\/div>\n\t\t\t\t<\/div>\n\t\t\t\t<div class=\"elementor-element elementor-element-2d9f7b3 elementor-widget elementor-widget-text-editor\" data-id=\"2d9f7b3\" data-element_type=\"widget\" data-e-type=\"widget\" data-widget_type=\"text-editor.default\">\n\t\t\t\t<div class=\"elementor-widget-container\">\n\t\t\t\t\t\t\t\t\t<p>It all started from a modest space. The company focused on manufacturing fabrics and pajamas. Although resources were scarce, determination and passion for excellence were abundant. This spirit drove the company to overcome challenges and find innovative solutions.<\/p><p>Rachas &amp; Abreu stands out today as an example in the design of quality products and the commitment of its employees. From initial design to large-scale production, each piece is subjected to rigorous quality control standards to ensure durability, comfort and style.<\/p>\t\t\t\t\t\t\t\t<\/div>\n\t\t\t\t<\/div>\n\t\t\t\t\t<\/div>\n\t\t<\/div>\n\t\t\t\t<div class=\"elementor-column elementor-col-33 elementor-top-column elementor-element elementor-element-18bad06 elementor-hidden-mobile elementor-hidden-tablet\" data-id=\"18bad06\" data-element_type=\"column\" data-e-type=\"column\">\n\t\t\t<div class=\"elementor-widget-wrap\">\n\t\t\t\t\t\t\t<\/div>\n\t\t<\/div>\n\t\t\t\t\t<\/div>\n\t\t<\/section>\n\t\t\t\t<section class=\"elementor-section elementor-top-section elementor-element elementor-element-ba6041b elementor-section-boxed elementor-section-height-default elementor-section-height-default\" data-id=\"ba6041b\" data-element_type=\"section\" data-e-type=\"section\" data-settings=\"{&quot;background_background&quot;:&quot;classic&quot;}\">\n\t\t\t\t\t\t<div class=\"elementor-container elementor-column-gap-default\">\n\t\t\t\t\t<div class=\"elementor-column elementor-col-100 elementor-top-column elementor-element elementor-element-f0e0b09\" data-id=\"f0e0b09\" data-element_type=\"column\" data-e-type=\"column\">\n\t\t\t<div class=\"elementor-widget-wrap elementor-element-populated\">\n\t\t\t\t\t\t<div class=\"elementor-element elementor-element-ba7de5e uael-timeline--center uael-timeline-responsive-tablet uael-timeline-arrow-center elementor-widget elementor-widget-uael-timeline\" data-id=\"ba7de5e\" data-element_type=\"widget\" data-e-type=\"widget\" data-widget_type=\"uael-timeline.default\">\n\t\t\t\t<div class=\"elementor-widget-container\">\n\t\t\t\t\t<div class=\"uael-timeline-wrapper uael-timeline-node\">\n\t\n\t<div class=\"uael-timeline-main\">\n\t\t<div class=\"uael-days\">\n\t\t\t\t\t\t\t\t\t\t\t\t<div class=\"elementor-repeater-item-84982eb uael-timeline-field animate-border out-view\">\n\t\t\t\t\t\t<div class=\"uael-timeline-widget uael-timeline-right\">\n\t\t\t\t\t\t\t<div class=\"uael-timeline-marker\">\n\t\t\t\t\t\t\t\t<span class=\"timeline-icon-new out-view-timeline-icon\">\n\t\t\t\t\t\t\t\t\t<i aria-hidden=\"true\" class=\"fas fa-circle\"><\/i>\t\t\t\t\t\t\t\t<\/span>\n\t\t\t\t\t\t\t<\/div>\n\n\t\t\t\t\t\t\t<div class=\"uael-day-new uael-day-right\">\n\t\t\t\t\t\t\t\t<div class=\"uael-events-new\">\n\t\t\t\t\t\t\t\t\t\t\t\t\t\t\t\t\t\t<div class=\"uael-events-inner-new\">\n\t\t\t\t\t\t\t\t\t\t\t\t\t\t\t\t\t\t\t\t<div class=\"uael-content\">\n\t\t\t\t\t\t\t\t\t\t\t\t\t\t\t\t\t\t\t\t\t\t\t\t\t\t\t\t\t\t\t\t\t<div class=\"uael-timeline-heading-text\">\n\t\t\t\t\t\t\t\t\t\t\t\t<h3 class=\"uael-timeline-heading\">Foundation<\/h3> \t\t\t\t\t\t\t\t\t\t\t<\/div>\n\t\t\t\t\t\t\t\t\t\t\t\t\t\t\t\t\t\t\t\t\t\t\t\t\t\t\t\t\t\t\t\t\t\t\t\t\t\t\t\t\t\t\t\t\t\t\t\t\t\t\t\t\t\t\t\t<div class=\"uael-timeline-desc-content\"><div class=\"page\" title=\"Page 3\"><div class=\"layoutArea\"><div class=\"column\"><p><span style=\"font-weight: 400;\">In 1975,<\/span> <span style=\"font-weight: 400;\">a small textile business is born in Braga, Portugal. With a focus on manufacturing fabrics and pajamas, a family's dream begins to become reality.<\/span><\/p><\/div><\/div><\/div><\/div> \t\t\t\t\t\t\t\t\t\t\t\t\t\t\t\t\t\t\t\t\t\t\t\t\t\t\t\t\t\t\t\t<\/div>\n\t\t\t\t\t\t\t\t\t\t\t\t\t\t\t\t\t\t\t\t\t\t\t<div class=\"uael-timeline-arrow\"><\/div>\n\t\t\t\t\t\t\t\t\t\t\t\t\t\t\t\t\t\t\t\t<\/div>\n\t\t\t\t\t\t\t\t\t\t\t\t\t\t\t\t\t<\/div>\n\t\t\t\t\t\t\t<\/div>\n\t\t\t\t\t\t\t\t\t\t\t\t\t\t\t<div class=\"uael-timeline-date-new\">\n\t\t\t\t\t\t\t\t\t<div class=\"uael-date-new\"><div class=\"inner-date-new\"><div ><\/div><\/div>\n\t\t\t\t\t\t\t\t\t<\/div>\n\t\t\t\t\t\t\t\t<\/div>\n\t\t\t\t\t\t\t\t\t\t\t\t\t<\/div>\n\t\t\t\t\t<\/div>\n\t\t\t\t\t\t\t\t\t\t\t\t\t\t\t\t\t<div class=\"elementor-repeater-item-6d1fa3c uael-timeline-field animate-border out-view\">\n\t\t\t\t\t\t<div class=\"uael-timeline-widget uael-timeline-left\">\n\t\t\t\t\t\t\t<div class=\"uael-timeline-marker\">\n\t\t\t\t\t\t\t\t<span class=\"timeline-icon-new out-view-timeline-icon\">\n\t\t\t\t\t\t\t\t\t<i aria-hidden=\"true\" class=\"fas fa-circle\"><\/i>\t\t\t\t\t\t\t\t<\/span>\n\t\t\t\t\t\t\t<\/div>\n\n\t\t\t\t\t\t\t<div class=\"uael-day-new uael-day-left\">\n\t\t\t\t\t\t\t\t<div class=\"uael-events-new\">\n\t\t\t\t\t\t\t\t\t\t\t\t\t\t\t\t\t\t<div class=\"uael-events-inner-new\">\n\t\t\t\t\t\t\t\t\t\t\t\t\t\t\t\t\t\t\t\t<div class=\"uael-content\">\n\t\t\t\t\t\t\t\t\t\t\t\t\t\t\t\t\t\t\t\t\t\t\t\t\t\t\t\t\t\t\t\t\t<div class=\"uael-timeline-heading-text\">\n\t\t\t\t\t\t\t\t\t\t\t\t<h3 class=\"uael-timeline-heading\">Growth<\/h3> \t\t\t\t\t\t\t\t\t\t\t<\/div>\n\t\t\t\t\t\t\t\t\t\t\t\t\t\t\t\t\t\t\t\t\t\t\t\t\t\t\t\t\t\t\t\t\t\t\t\t\t\t\t\t\t\t\t\t\t\t\t\t\t\t\t\t\t\t\t\t<div class=\"uael-timeline-desc-content\"><div class=\"page\" title=\"Page 3\"><div class=\"layoutArea\"><div class=\"column\"><div class=\"page\" title=\"Page 3\"><div class=\"layoutArea\"><div class=\"column\"><div class=\"page\" title=\"Page 3\"><div class=\"layoutArea\"><div class=\"column\"><p><span style=\"font-weight: 400;\">Over the years, Rachas &amp; Abreu expanded its operations and expanded its range of products\/services to meet growing market demands. With each new challenge, the company has always found an opportunity to reinvent itself and stand out, always through minimizing waste, recycling and paying attention to new sustainability practices.<\/span><\/p><\/div><\/div><\/div><\/div><\/div><\/div><\/div><\/div><\/div><\/div> \t\t\t\t\t\t\t\t\t\t\t\t\t\t\t\t\t\t\t\t\t\t\t\t\t\t\t\t\t\t\t\t<\/div>\n\t\t\t\t\t\t\t\t\t\t\t\t\t\t\t\t\t\t\t\t\t\t\t<div class=\"uael-timeline-arrow\"><\/div>\n\t\t\t\t\t\t\t\t\t\t\t\t\t\t\t\t\t\t\t\t<\/div>\n\t\t\t\t\t\t\t\t\t\t\t\t\t\t\t\t\t<\/div>\n\t\t\t\t\t\t\t<\/div>\n\t\t\t\t\t\t\t\t\t\t\t\t\t\t\t<div class=\"uael-timeline-date-new\">\n\t\t\t\t\t\t\t\t\t<div class=\"uael-date-new\"><div class=\"inner-date-new\"><div ><\/div><\/div>\n\t\t\t\t\t\t\t\t\t<\/div>\n\t\t\t\t\t\t\t\t<\/div>\n\t\t\t\t\t\t\t\t\t\t\t\t\t<\/div>\n\t\t\t\t\t<\/div>\n\t\t\t\t\t\t\t\t\t\t\t\t\t\t\t\t\t<div class=\"elementor-repeater-item-9bb3a2d uael-timeline-field animate-border out-view\">\n\t\t\t\t\t\t<div class=\"uael-timeline-widget uael-timeline-right\">\n\t\t\t\t\t\t\t<div class=\"uael-timeline-marker\">\n\t\t\t\t\t\t\t\t<span class=\"timeline-icon-new out-view-timeline-icon\">\n\t\t\t\t\t\t\t\t\t<i aria-hidden=\"true\" class=\"fas fa-circle\"><\/i>\t\t\t\t\t\t\t\t<\/span>\n\t\t\t\t\t\t\t<\/div>\n\n\t\t\t\t\t\t\t<div class=\"uael-day-new uael-day-right\">\n\t\t\t\t\t\t\t\t<div class=\"uael-events-new\">\n\t\t\t\t\t\t\t\t\t\t\t\t\t\t\t\t\t\t<div class=\"uael-events-inner-new\">\n\t\t\t\t\t\t\t\t\t\t\t\t\t\t\t\t\t\t\t\t<div class=\"uael-content\">\n\t\t\t\t\t\t\t\t\t\t\t\t\t\t\t\t\t\t\t\t\t\t\t\t\t\t\t\t\t\t\t\t\t<div class=\"uael-timeline-heading-text\">\n\t\t\t\t\t\t\t\t\t\t\t\t<h3 class=\"uael-timeline-heading\">Future<\/h3> \t\t\t\t\t\t\t\t\t\t\t<\/div>\n\t\t\t\t\t\t\t\t\t\t\t\t\t\t\t\t\t\t\t\t\t\t\t\t\t\t\t\t\t\t\t\t\t\t\t\t\t\t\t\t\t\t\t\t\t\t\t\t\t\t\t\t\t\t\t\t<div class=\"uael-timeline-desc-content\"><div class=\"page\" title=\"Page 3\"><div class=\"layoutArea\"><div class=\"column\"><p><span style=\"font-weight: 400;\">Rachas &amp; Abreu continues to tread new paths, driven by the same vision and values that inspired it from the beginning. <\/span><\/p><p><span style=\"font-weight: 400;\">With a dedicated team, loyal customers and a clear vision for the future, we are ready to face the challenges and opportunities that arise. <\/span><\/p><\/div><\/div><\/div><\/div> \t\t\t\t\t\t\t\t\t\t\t\t\t\t\t\t\t\t\t\t\t\t\t\t\t\t\t\t\t\t\t\t<\/div>\n\t\t\t\t\t\t\t\t\t\t\t\t\t\t\t\t\t\t\t\t\t\t\t<div class=\"uael-timeline-arrow\"><\/div>\n\t\t\t\t\t\t\t\t\t\t\t\t\t\t\t\t\t\t\t\t<\/div>\n\t\t\t\t\t\t\t\t\t\t\t\t\t\t\t\t\t<\/div>\n\t\t\t\t\t\t\t<\/div>\n\t\t\t\t\t\t\t\t\t\t\t\t\t\t\t<div class=\"uael-timeline-date-new\">\n\t\t\t\t\t\t\t\t\t<div class=\"uael-date-new\"><div class=\"inner-date-new\"><div ><\/div><\/div>\n\t\t\t\t\t\t\t\t\t<\/div>\n\t\t\t\t\t\t\t\t<\/div>\n\t\t\t\t\t\t\t\t\t\t\t\t\t<\/div>\n\t\t\t\t\t<\/div>\n\t\t\t\t\t\t\t\t\t\t<\/div>\n\t\t<div class=\"uael-timeline__line\">\n\t\t\t<div class=\"uael-timeline__line__inner\"><\/div>\n\t\t<\/div>\n\t<\/div>\n<\/div>\n\n\t\t\t\t<\/div>\n\t\t\t\t<\/div>\n\t\t\t\t\t<\/div>\n\t\t<\/div>\n\t\t\t\t\t<\/div>\n\t\t<\/section>\n\t\t\t\t<section class=\"elementor-section elementor-top-section elementor-element elementor-element-4bef50d elementor-section-full_width elementor-section-height-default elementor-section-height-default\" data-id=\"4bef50d\" data-element_type=\"section\" data-e-type=\"section\" data-settings=\"{&quot;background_background&quot;:&quot;classic&quot;}\">\n\t\t\t\t\t\t<div class=\"elementor-container elementor-column-gap-default\">\n\t\t\t\t\t<div class=\"elementor-column elementor-col-33 elementor-top-column elementor-element elementor-element-cad1ef7 elementor-hidden-mobile\" data-id=\"cad1ef7\" data-element_type=\"column\" data-e-type=\"column\">\n\t\t\t<div class=\"elementor-widget-wrap elementor-element-populated\">\n\t\t\t\t\t\t\t<\/div>\n\t\t<\/div>\n\t\t\t\t<div class=\"elementor-column elementor-col-33 elementor-top-column elementor-element elementor-element-d781377\" data-id=\"d781377\" data-element_type=\"column\" data-e-type=\"column\">\n\t\t\t<div class=\"elementor-widget-wrap elementor-element-populated\">\n\t\t\t\t\t\t<div class=\"elementor-element elementor-element-9d01855 animated-slow elementor-invisible elementor-widget elementor-widget-heading\" data-id=\"9d01855\" data-element_type=\"widget\" data-e-type=\"widget\" data-settings=\"{&quot;_animation&quot;:&quot;fadeIn&quot;,&quot;motion_fx_motion_fx_scrolling&quot;:&quot;yes&quot;,&quot;motion_fx_translateY_effect&quot;:&quot;yes&quot;,&quot;motion_fx_translateY_affectedRange&quot;:{&quot;unit&quot;:&quot;%&quot;,&quot;size&quot;:&quot;&quot;,&quot;sizes&quot;:{&quot;start&quot;:20,&quot;end&quot;:50}},&quot;motion_fx_translateY_speed&quot;:{&quot;unit&quot;:&quot;px&quot;,&quot;size&quot;:4,&quot;sizes&quot;:[]},&quot;motion_fx_devices&quot;:[&quot;desktop&quot;,&quot;tablet&quot;,&quot;mobile&quot;]}\" data-widget_type=\"heading.default\">\n\t\t\t\t<div class=\"elementor-widget-container\">\n\t\t\t\t\t<h1 class=\"elementor-heading-title elementor-size-default\">Our history is a testament to the power of perseverance and commitment to excellence.\u00a0<\/h1>\t\t\t\t<\/div>\n\t\t\t\t<\/div>\n\t\t\t\t\t<\/div>\n\t\t<\/div>\n\t\t\t\t<div class=\"elementor-column elementor-col-33 elementor-top-column elementor-element elementor-element-8de112b elementor-hidden-mobile\" data-id=\"8de112b\" data-element_type=\"column\" data-e-type=\"column\">\n\t\t\t<div class=\"elementor-widget-wrap elementor-element-populated\">\n\t\t\t\t\t\t\t<\/div>\n\t\t<\/div>\n\t\t\t\t\t<\/div>\n\t\t<\/section>\n\t\t\t\t<\/div>","protected":false},"excerpt":{"rendered":"<p>Conce\u00e7\u00e3o e fabrico de roupa de noite e roupa de casa A Confe\u00e7\u00f5es Rachas &amp; Abreu atua no mercado do conforto h\u00e1 mais de 40 anos. Tudo come\u00e7ou a partir de um modesto espa\u00e7o. A empresa concentrou-se no fabrico de tecidos e pijamas. Embora os recursos fossem escassos, a determina\u00e7\u00e3o e a paix\u00e3o pela excel\u00eancia [&hellip;]<\/p>","protected":false},"author":7,"featured_media":0,"parent":0,"menu_order":0,"comment_status":"closed","ping_status":"closed","template":"elementor_theme","meta":{"footnotes":""},"class_list":["post-1432","page","type-page","status-publish","hentry"],"yoast_head":"<!-- This site is optimized with the Yoast SEO Premium plugin v22.6 (Yoast SEO v27.5) - https:\/\/yoast.com\/product\/yoast-seo-premium-wordpress\/ -->\n<title>A Rachas&amp;Abreu | Confe\u00e7\u00f5es Rachas &amp; Abreu<\/title>\n<meta name=\"robots\" content=\"index, follow, max-snippet:-1, max-image-preview:large, max-video-preview:-1\" \/>\n<link rel=\"canonical\" href=\"https:\/\/rachaseabreu.com\/en\/sobre-nos\/\" \/>\n<meta property=\"og:locale\" content=\"en_GB\" \/>\n<meta property=\"og:type\" content=\"article\" \/>\n<meta property=\"og:title\" content=\"A Rachas&amp;Abreu\" \/>\n<meta property=\"og:description\" content=\"Conce\u00e7\u00e3o e fabrico de roupa de noite e roupa de casa A Confe\u00e7\u00f5es Rachas &amp; Abreu atua no mercado do conforto h\u00e1 mais de 40 anos. Tudo come\u00e7ou a partir de um modesto espa\u00e7o. A empresa concentrou-se no fabrico de tecidos e pijamas. Embora os recursos fossem escassos, a determina\u00e7\u00e3o e a paix\u00e3o pela excel\u00eancia [&hellip;]\" \/>\n<meta property=\"og:url\" content=\"https:\/\/rachaseabreu.com\/en\/sobre-nos\/\" \/>\n<meta property=\"og:site_name\" content=\"Confe\u00e7\u00f5es Rachas &amp; Abreu\" \/>\n<meta property=\"article:publisher\" content=\"https:\/\/www.facebook.com\/rachaseabreu\" \/>\n<meta property=\"article:modified_time\" content=\"2024-11-06T10:33:36+00:00\" \/>\n<meta property=\"og:image\" content=\"https:\/\/rachaseabreu.com\/wp-content\/uploads\/2024\/02\/ls_professional-sewing-machine-close-up-modern-texti-2023-11-27-04-59-37-utc.jpg\" \/>\n\t<meta property=\"og:image:width\" content=\"1920\" \/>\n\t<meta property=\"og:image:height\" content=\"1281\" \/>\n\t<meta property=\"og:image:type\" content=\"image\/jpeg\" \/>\n<meta name=\"twitter:card\" content=\"summary_large_image\" \/>\n<meta name=\"twitter:label1\" content=\"Estimated reading time\" \/>\n\t<meta name=\"twitter:data1\" content=\"2 minutes\" \/>\n<script type=\"application\/ld+json\" class=\"yoast-schema-graph\">{\"@context\":\"https:\\\/\\\/schema.org\",\"@graph\":[{\"@type\":\"WebPage\",\"@id\":\"https:\\\/\\\/rachaseabreu.com\\\/sobre-nos\\\/\",\"url\":\"https:\\\/\\\/rachaseabreu.com\\\/sobre-nos\\\/\",\"name\":\"A Rachas&Abreu | Confe\u00e7\u00f5es Rachas &amp; Abreu\",\"isPartOf\":{\"@id\":\"https:\\\/\\\/rachaseabreu.com\\\/#website\"},\"datePublished\":\"2023-12-19T19:41:52+00:00\",\"dateModified\":\"2024-11-06T10:33:36+00:00\",\"breadcrumb\":{\"@id\":\"https:\\\/\\\/rachaseabreu.com\\\/sobre-nos\\\/#breadcrumb\"},\"inLanguage\":\"en-GB\",\"potentialAction\":[{\"@type\":\"ReadAction\",\"target\":[\"https:\\\/\\\/rachaseabreu.com\\\/sobre-nos\\\/\"]}]},{\"@type\":\"BreadcrumbList\",\"@id\":\"https:\\\/\\\/rachaseabreu.com\\\/sobre-nos\\\/#breadcrumb\",\"itemListElement\":[{\"@type\":\"ListItem\",\"position\":1,\"name\":\"In\u00edcio\",\"item\":\"https:\\\/\\\/rachaseabreu.com\\\/\"},{\"@type\":\"ListItem\",\"position\":2,\"name\":\"A Rachas&#038;Abreu\"}]},{\"@type\":\"WebSite\",\"@id\":\"https:\\\/\\\/rachaseabreu.com\\\/#website\",\"url\":\"https:\\\/\\\/rachaseabreu.com\\\/\",\"name\":\"Rachas&Abreu\",\"description\":\"Nightwear and Homewear\",\"publisher\":{\"@id\":\"https:\\\/\\\/rachaseabreu.com\\\/#organization\"},\"alternateName\":\"Rachas e Abreu\",\"potentialAction\":[{\"@type\":\"SearchAction\",\"target\":{\"@type\":\"EntryPoint\",\"urlTemplate\":\"https:\\\/\\\/rachaseabreu.com\\\/?s={search_term_string}\"},\"query-input\":{\"@type\":\"PropertyValueSpecification\",\"valueRequired\":true,\"valueName\":\"search_term_string\"}}],\"inLanguage\":\"en-GB\"},{\"@type\":\"Organization\",\"@id\":\"https:\\\/\\\/rachaseabreu.com\\\/#organization\",\"name\":\"Rachas & Abreu\",\"alternateName\":\"Rachas e Abreu\",\"url\":\"https:\\\/\\\/rachaseabreu.com\\\/\",\"logo\":{\"@type\":\"ImageObject\",\"inLanguage\":\"en-GB\",\"@id\":\"https:\\\/\\\/rachaseabreu.com\\\/#\\\/schema\\\/logo\\\/image\\\/\",\"url\":\"https:\\\/\\\/rachaseabreu.com\\\/wp-content\\\/uploads\\\/2022\\\/04\\\/LOGO-COMPLETO-site-1.png\",\"contentUrl\":\"https:\\\/\\\/rachaseabreu.com\\\/wp-content\\\/uploads\\\/2022\\\/04\\\/LOGO-COMPLETO-site-1.png\",\"width\":310,\"height\":233,\"caption\":\"Rachas & Abreu\"},\"image\":{\"@id\":\"https:\\\/\\\/rachaseabreu.com\\\/#\\\/schema\\\/logo\\\/image\\\/\"},\"sameAs\":[\"https:\\\/\\\/www.facebook.com\\\/rachaseabreu\"],\"description\":\"A Rachas & Abreu \u00e9 uma empresa t\u00eaxtil que concetualiza e fabrica pe\u00e7as de roupa de dormir e pe\u00e7as de roupa de casa. Est\u00e1 no mercado desde 1975 e \u00e9 atualmente uma refer\u00eancia em conforto e qualidade tanto no mercado Portugu\u00eas como no mercado internacional.\",\"email\":\"info@rachaseabreu.com\",\"telephone\":\"+351 253 282 951\",\"legalName\":\"Rachas & Abreu, Lda\"}]}<\/script>\n<!-- \/ Yoast SEO Premium plugin. -->","yoast_head_json":{"title":"A Rachas&Abreu | Confe\u00e7\u00f5es Rachas &amp; Abreu","robots":{"index":"index","follow":"follow","max-snippet":"max-snippet:-1","max-image-preview":"max-image-preview:large","max-video-preview":"max-video-preview:-1"},"canonical":"https:\/\/rachaseabreu.com\/en\/sobre-nos\/","og_locale":"en_GB","og_type":"article","og_title":"A Rachas&Abreu","og_description":"Conce\u00e7\u00e3o e fabrico de roupa de noite e roupa de casa A Confe\u00e7\u00f5es Rachas &amp; Abreu atua no mercado do conforto h\u00e1 mais de 40 anos. Tudo come\u00e7ou a partir de um modesto espa\u00e7o. A empresa concentrou-se no fabrico de tecidos e pijamas. Embora os recursos fossem escassos, a determina\u00e7\u00e3o e a paix\u00e3o pela excel\u00eancia [&hellip;]","og_url":"https:\/\/rachaseabreu.com\/en\/sobre-nos\/","og_site_name":"Confe\u00e7\u00f5es Rachas &amp; Abreu","article_publisher":"https:\/\/www.facebook.com\/rachaseabreu","article_modified_time":"2024-11-06T10:33:36+00:00","og_image":[{"width":1920,"height":1281,"url":"https:\/\/rachaseabreu.com\/wp-content\/uploads\/2024\/02\/ls_professional-sewing-machine-close-up-modern-texti-2023-11-27-04-59-37-utc.jpg","type":"image\/jpeg"}],"twitter_card":"summary_large_image","twitter_misc":{"Estimated reading time":"2 minutes"},"schema":{"@context":"https:\/\/schema.org","@graph":[{"@type":"WebPage","@id":"https:\/\/rachaseabreu.com\/sobre-nos\/","url":"https:\/\/rachaseabreu.com\/sobre-nos\/","name":"A Rachas&Abreu | Confe\u00e7\u00f5es Rachas &amp; Abreu","isPartOf":{"@id":"https:\/\/rachaseabreu.com\/#website"},"datePublished":"2023-12-19T19:41:52+00:00","dateModified":"2024-11-06T10:33:36+00:00","breadcrumb":{"@id":"https:\/\/rachaseabreu.com\/sobre-nos\/#breadcrumb"},"inLanguage":"en-GB","potentialAction":[{"@type":"ReadAction","target":["https:\/\/rachaseabreu.com\/sobre-nos\/"]}]},{"@type":"BreadcrumbList","@id":"https:\/\/rachaseabreu.com\/sobre-nos\/#breadcrumb","itemListElement":[{"@type":"ListItem","position":1,"name":"In\u00edcio","item":"https:\/\/rachaseabreu.com\/"},{"@type":"ListItem","position":2,"name":"A Rachas&#038;Abreu"}]},{"@type":"WebSite","@id":"https:\/\/rachaseabreu.com\/#website","url":"https:\/\/rachaseabreu.com\/","name":"Rachas&Abreu","description":"Nightwear and Homewear","publisher":{"@id":"https:\/\/rachaseabreu.com\/#organization"},"alternateName":"Rachas e Abreu","potentialAction":[{"@type":"SearchAction","target":{"@type":"EntryPoint","urlTemplate":"https:\/\/rachaseabreu.com\/?s={search_term_string}"},"query-input":{"@type":"PropertyValueSpecification","valueRequired":true,"valueName":"search_term_string"}}],"inLanguage":"en-GB"},{"@type":"Organization","@id":"https:\/\/rachaseabreu.com\/#organization","name":"Rachas & Abreu","alternateName":"Rachas e Abreu","url":"https:\/\/rachaseabreu.com\/","logo":{"@type":"ImageObject","inLanguage":"en-GB","@id":"https:\/\/rachaseabreu.com\/#\/schema\/logo\/image\/","url":"https:\/\/rachaseabreu.com\/wp-content\/uploads\/2022\/04\/LOGO-COMPLETO-site-1.png","contentUrl":"https:\/\/rachaseabreu.com\/wp-content\/uploads\/2022\/04\/LOGO-COMPLETO-site-1.png","width":310,"height":233,"caption":"Rachas & Abreu"},"image":{"@id":"https:\/\/rachaseabreu.com\/#\/schema\/logo\/image\/"},"sameAs":["https:\/\/www.facebook.com\/rachaseabreu"],"description":"A Rachas & Abreu \u00e9 uma empresa t\u00eaxtil que concetualiza e fabrica pe\u00e7as de roupa de dormir e pe\u00e7as de roupa de casa. Est\u00e1 no mercado desde 1975 e \u00e9 atualmente uma refer\u00eancia em conforto e qualidade tanto no mercado Portugu\u00eas como no mercado internacional.","email":"info@rachaseabreu.com","telephone":"+351 253 282 951","legalName":"Rachas & Abreu, Lda"}]}},"_links":{"self":[{"href":"https:\/\/rachaseabreu.com\/en\/wp-json\/wp\/v2\/pages\/1432","targetHints":{"allow":["GET"]}}],"collection":[{"href":"https:\/\/rachaseabreu.com\/en\/wp-json\/wp\/v2\/pages"}],"about":[{"href":"https:\/\/rachaseabreu.com\/en\/wp-json\/wp\/v2\/types\/page"}],"author":[{"embeddable":true,"href":"https:\/\/rachaseabreu.com\/en\/wp-json\/wp\/v2\/users\/7"}],"replies":[{"embeddable":true,"href":"https:\/\/rachaseabreu.com\/en\/wp-json\/wp\/v2\/comments?post=1432"}],"version-history":[{"count":6,"href":"https:\/\/rachaseabreu.com\/en\/wp-json\/wp\/v2\/pages\/1432\/revisions"}],"predecessor-version":[{"id":2841,"href":"https:\/\/rachaseabreu.com\/en\/wp-json\/wp\/v2\/pages\/1432\/revisions\/2841"}],"wp:attachment":[{"href":"https:\/\/rachaseabreu.com\/en\/wp-json\/wp\/v2\/media?parent=1432"}],"curies":[{"name":"wp","href":"https:\/\/api.w.org\/{rel}","templated":true}]}}